{"id":898,"date":"2012-11-24T18:02:19","date_gmt":"2012-11-24T23:02:19","guid":{"rendered":"http:\/\/impact-media.ca\/eng\/?page_id=28"},"modified":"2018-10-04T15:57:15","modified_gmt":"2018-10-04T19:57:15","slug":"finition","status":"publish","type":"page","link":"https:\/\/www.impact-media.ca\/en\/finition\/","title":{"rendered":"Finition"},"content":{"rendered":"<div class=\"fusion-fullwidth fullwidth-box nonhundred-percent-fullwidth non-hundred-percent-height-scrolling\"  style='background-color: rgba(255,255,255,0);background-position: center center;background-repeat: no-repeat;padding-top:0px;padding-right:0px;padding-bottom:0px;padding-left:0px;'><div class=\"fusion-builder-row fusion-row \"><div  class=\"fusion-layout-column fusion_builder_column fusion_builder_column_1_1 fusion-builder-column-1 fusion-one-full fusion-column-first fusion-column-last 1_1\"  style='margin-top:0px;margin-bottom:0px;'>\n\t\t\t\t\t<div class=\"fusion-column-wrapper\" style=\"padding: 0px 0px 0px 0px;background-position:left top;background-repeat:no-repeat;-webkit-background-size:cover;-moz-background-size:cover;-o-background-size:cover;background-size:cover;\"   data-bg-url=\"\">\n\t\t\t\t\t\t<span class=\"fusion-imageframe imageframe-none imageframe-1 hover-type-none\"><img loading=\"lazy\" src=\"http:\/\/www.impact-media.ca\/wp-content\/uploads\/2012\/11\/finition.jpg\" width=\"\" height=\"\" alt=\"\" title=\"finition\" class=\"img-responsive wp-image-1717\" srcset=\"https:\/\/www.impact-media.ca\/wp-content\/uploads\/2012\/11\/finition-200x149.jpg 200w, https:\/\/www.impact-media.ca\/wp-content\/uploads\/2012\/11\/finition-400x298.jpg 400w, https:\/\/www.impact-media.ca\/wp-content\/uploads\/2012\/11\/finition-600x448.jpg 600w, https:\/\/www.impact-media.ca\/wp-content\/uploads\/2012\/11\/finition-800x597.jpg 800w, https:\/\/www.impact-media.ca\/wp-content\/uploads\/2012\/11\/finition.jpg 1024w\" sizes=\"(max-width: 800px) 100vw, 1024px\" \/><\/span><div class=\"fusion-sep-clear\"><\/div><div class=\"fusion-separator fusion-full-width-sep sep-none\" style=\"margin-left: auto;margin-right: auto;margin-top:7px;margin-bottom:7px;\"><\/div><div class=\"fusion-text\"><p data-fontsize=\"18\" data-lineheight=\"27\">Afin de vous offrir des produits de qualit\u00e9, nous faisons la finition sur place en toute confidentialit\u00e9.<\/p>\n<p data-fontsize=\"16\" data-lineheight=\"24\">En ayant au pr\u00e9alable \u00e9tudi\u00e9 avec vous toutes les conditions d\u2019installation ou d\u2019utilisation, nous vous permettons d\u2019optimiser vos projets avec:<\/p>\n<ul>\n<li><em>Couture<\/em><\/li>\n<li><em>Oeillets<\/em><\/li>\n<li><em>Soudure<\/em><\/li>\n<li><em>Webbing (Ceinture de s\u00e9curit\u00e9)<\/em><\/li>\n<li><em>Trou de ventilation<\/em><\/li>\n<\/ul>\n<\/div><div class=\"fusion-clearfix\"><\/div>\n\n\t\t\t\t\t<\/div>\n\t\t\t\t<\/div><\/div><\/div>\n","protected":false},"excerpt":{"rendered":"","protected":false},"author":3,"featured_media":0,"parent":0,"menu_order":1,"comment_status":"closed","ping_status":"closed","template":"","meta":{"inline_featured_image":false},"_links":{"self":[{"href":"https:\/\/www.impact-media.ca\/en\/wp-json\/wp\/v2\/pages\/898\/"}],"collection":[{"href":"https:\/\/www.impact-media.ca\/en\/wp-json\/wp\/v2\/pages\/"}],"about":[{"href":"https:\/\/www.impact-media.ca\/en\/wp-json\/wp\/v2\/types\/page\/"}],"author":[{"embeddable":true,"href":"https:\/\/www.impact-media.ca\/en\/wp-json\/wp\/v2\/users\/3\/"}],"replies":[{"embeddable":true,"href":"https:\/\/www.impact-media.ca\/en\/wp-json\/wp\/v2\/comments\/?post=898"}],"version-history":[{"count":2,"href":"https:\/\/www.impact-media.ca\/en\/wp-json\/wp\/v2\/pages\/898\/revisions\/"}],"predecessor-version":[{"id":2524,"href":"https:\/\/www.impact-media.ca\/en\/wp-json\/wp\/v2\/pages\/898\/revisions\/2524\/"}],"wp:attachment":[{"href":"https:\/\/www.impact-media.ca\/en\/wp-json\/wp\/v2\/media\/?parent=898"}],"curies":[{"name":"wp","href":"https:\/\/api.w.org\/{rel}","templated":true}]}}